{"id":33813,"date":"2025-05-19T16:37:04","date_gmt":"2025-05-19T14:37:04","guid":{"rendered":"https:\/\/samotocentras.lt\/faq\/"},"modified":"2026-04-27T08:48:47","modified_gmt":"2026-04-27T06:48:47","slug":"faq","status":"publish","type":"page","link":"https:\/\/samotocentras.lt\/en\/faq\/","title":{"rendered":"FAQ"},"content":{"rendered":"\t\t<div data-elementor-type=\"wp-page\" data-elementor-id=\"33813\" class=\"elementor elementor-33813 elementor-28638\" data-elementor-post-type=\"page\">\n\t\t\t\t<div class=\"wd-negative-gap elementor-element elementor-element-d5f9694 e-flex e-con-boxed e-con e-parent\" data-id=\"d5f9694\" data-element_type=\"container\" data-e-type=\"container\">\n\t\t\t\t\t<div class=\"e-con-inner\">\n\t\t\t\t<div class=\"elementor-element elementor-element-73ca983 elementor-widget elementor-widget-toggle\" data-id=\"73ca983\" data-element_type=\"widget\" data-e-type=\"widget\" data-widget_type=\"toggle.default\">\n\t\t\t\t<div class=\"elementor-widget-container\">\n\t\t\t\t\t\t\t<div class=\"elementor-toggle\">\n\t\t\t\t\t\t\t<div class=\"elementor-toggle-item\">\n\t\t\t\t\t<div id=\"elementor-tab-title-1211\" class=\"elementor-tab-title\" data-tab=\"1\" role=\"button\" aria-controls=\"elementor-tab-content-1211\" aria-expanded=\"false\">\n\t\t\t\t\t\t\t\t\t\t\t\t<span class=\"elementor-toggle-icon elementor-toggle-icon-left\" aria-hidden=\"true\">\n\t\t\t\t\t\t\t\t\t\t\t\t\t\t\t<span class=\"elementor-toggle-icon-closed\"><svg class=\"e-font-icon-svg e-fas-caret-right\" viewBox=\"0 0 192 512\" xmlns=\"http:\/\/www.w3.org\/2000\/svg\"><path d=\"M0 384.662V127.338c0-17.818 21.543-26.741 34.142-14.142l128.662 128.662c7.81 7.81 7.81 20.474 0 28.284L34.142 398.804C21.543 411.404 0 402.48 0 384.662z\"><\/path><\/svg><\/span>\n\t\t\t\t\t\t\t\t<span class=\"elementor-toggle-icon-opened\"><svg class=\"elementor-toggle-icon-opened e-font-icon-svg e-fas-caret-up\" viewBox=\"0 0 320 512\" xmlns=\"http:\/\/www.w3.org\/2000\/svg\"><path d=\"M288.662 352H31.338c-17.818 0-26.741-21.543-14.142-34.142l128.662-128.662c7.81-7.81 20.474-7.81 28.284 0l128.662 128.662c12.6 12.599 3.676 34.142-14.142 34.142z\"><\/path><\/svg><\/span>\n\t\t\t\t\t\t\t\t\t\t\t\t\t<\/span>\n\t\t\t\t\t\t\t\t\t\t\t\t<a class=\"elementor-toggle-title\" tabindex=\"0\">What are the available payment methods?<\/a>\n\t\t\t\t\t<\/div>\n\n\t\t\t\t\t<div id=\"elementor-tab-content-1211\" class=\"elementor-tab-content elementor-clearfix\" data-tab=\"1\" role=\"region\" aria-labelledby=\"elementor-tab-title-1211\"><p>You can pay for your items on the spot, upon picking up your order or by bank transfer to the specified bank account.<\/p>\n<\/div>\n\t\t\t\t<\/div>\n\t\t\t\t\t\t\t<div class=\"elementor-toggle-item\">\n\t\t\t\t\t<div id=\"elementor-tab-title-1212\" class=\"elementor-tab-title\" data-tab=\"2\" role=\"button\" aria-controls=\"elementor-tab-content-1212\" aria-expanded=\"false\">\n\t\t\t\t\t\t\t\t\t\t\t\t<span class=\"elementor-toggle-icon elementor-toggle-icon-left\" aria-hidden=\"true\">\n\t\t\t\t\t\t\t\t\t\t\t\t\t\t\t<span class=\"elementor-toggle-icon-closed\"><svg class=\"e-font-icon-svg e-fas-caret-right\" viewBox=\"0 0 192 512\" xmlns=\"http:\/\/www.w3.org\/2000\/svg\"><path d=\"M0 384.662V127.338c0-17.818 21.543-26.741 34.142-14.142l128.662 128.662c7.81 7.81 7.81 20.474 0 28.284L34.142 398.804C21.543 411.404 0 402.48 0 384.662z\"><\/path><\/svg><\/span>\n\t\t\t\t\t\t\t\t<span class=\"elementor-toggle-icon-opened\"><svg class=\"elementor-toggle-icon-opened e-font-icon-svg e-fas-caret-up\" viewBox=\"0 0 320 512\" xmlns=\"http:\/\/www.w3.org\/2000\/svg\"><path d=\"M288.662 352H31.338c-17.818 0-26.741-21.543-14.142-34.142l128.662-128.662c7.81-7.81 20.474-7.81 28.284 0l128.662 128.662c12.6 12.599 3.676 34.142-14.142 34.142z\"><\/path><\/svg><\/span>\n\t\t\t\t\t\t\t\t\t\t\t\t\t<\/span>\n\t\t\t\t\t\t\t\t\t\t\t\t<a class=\"elementor-toggle-title\" tabindex=\"0\">What are your working hours?<\/a>\n\t\t\t\t\t<\/div>\n\n\t\t\t\t\t<div id=\"elementor-tab-content-1212\" class=\"elementor-tab-content elementor-clearfix\" data-tab=\"2\" role=\"region\" aria-labelledby=\"elementor-tab-title-1212\"><p>Our business hours: Mon\u2013Fri 8:00 AM\u201312:00 PM and 1:00 PM\u20135:00 PM. <\/p>\n<p>Before visiting we recommend calling: +370 640 36072.<\/p>\n<\/div>\n\t\t\t\t<\/div>\n\t\t\t\t\t\t\t<div class=\"elementor-toggle-item\">\n\t\t\t\t\t<div id=\"elementor-tab-title-1213\" class=\"elementor-tab-title\" data-tab=\"3\" role=\"button\" aria-controls=\"elementor-tab-content-1213\" aria-expanded=\"false\">\n\t\t\t\t\t\t\t\t\t\t\t\t<span class=\"elementor-toggle-icon elementor-toggle-icon-left\" aria-hidden=\"true\">\n\t\t\t\t\t\t\t\t\t\t\t\t\t\t\t<span class=\"elementor-toggle-icon-closed\"><svg class=\"e-font-icon-svg e-fas-caret-right\" viewBox=\"0 0 192 512\" xmlns=\"http:\/\/www.w3.org\/2000\/svg\"><path d=\"M0 384.662V127.338c0-17.818 21.543-26.741 34.142-14.142l128.662 128.662c7.81 7.81 7.81 20.474 0 28.284L34.142 398.804C21.543 411.404 0 402.48 0 384.662z\"><\/path><\/svg><\/span>\n\t\t\t\t\t\t\t\t<span class=\"elementor-toggle-icon-opened\"><svg class=\"elementor-toggle-icon-opened e-font-icon-svg e-fas-caret-up\" viewBox=\"0 0 320 512\" xmlns=\"http:\/\/www.w3.org\/2000\/svg\"><path d=\"M288.662 352H31.338c-17.818 0-26.741-21.543-14.142-34.142l128.662-128.662c7.81-7.81 20.474-7.81 28.284 0l128.662 128.662c12.6 12.599 3.676 34.142-14.142 34.142z\"><\/path><\/svg><\/span>\n\t\t\t\t\t\t\t\t\t\t\t\t\t<\/span>\n\t\t\t\t\t\t\t\t\t\t\t\t<a class=\"elementor-toggle-title\" tabindex=\"0\">How can I contact you?<\/a>\n\t\t\t\t\t<\/div>\n\n\t\t\t\t\t<div id=\"elementor-tab-content-1213\" class=\"elementor-tab-content elementor-clearfix\" data-tab=\"3\" role=\"region\" aria-labelledby=\"elementor-tab-title-1213\"><p>Our contact information is listed on the <a href=\"https:\/\/samotocentras.lt\/en\/contacts\/\">contact page<\/a>.<\/p>\n<\/div>\n\t\t\t\t<\/div>\n\t\t\t\t\t\t\t<div class=\"elementor-toggle-item\">\n\t\t\t\t\t<div id=\"elementor-tab-title-1214\" class=\"elementor-tab-title\" data-tab=\"4\" role=\"button\" aria-controls=\"elementor-tab-content-1214\" aria-expanded=\"false\">\n\t\t\t\t\t\t\t\t\t\t\t\t<span class=\"elementor-toggle-icon elementor-toggle-icon-left\" aria-hidden=\"true\">\n\t\t\t\t\t\t\t\t\t\t\t\t\t\t\t<span class=\"elementor-toggle-icon-closed\"><svg class=\"e-font-icon-svg e-fas-caret-right\" viewBox=\"0 0 192 512\" xmlns=\"http:\/\/www.w3.org\/2000\/svg\"><path d=\"M0 384.662V127.338c0-17.818 21.543-26.741 34.142-14.142l128.662 128.662c7.81 7.81 7.81 20.474 0 28.284L34.142 398.804C21.543 411.404 0 402.48 0 384.662z\"><\/path><\/svg><\/span>\n\t\t\t\t\t\t\t\t<span class=\"elementor-toggle-icon-opened\"><svg class=\"elementor-toggle-icon-opened e-font-icon-svg e-fas-caret-up\" viewBox=\"0 0 320 512\" xmlns=\"http:\/\/www.w3.org\/2000\/svg\"><path d=\"M288.662 352H31.338c-17.818 0-26.741-21.543-14.142-34.142l128.662-128.662c7.81-7.81 20.474-7.81 28.284 0l128.662 128.662c12.6 12.599 3.676 34.142-14.142 34.142z\"><\/path><\/svg><\/span>\n\t\t\t\t\t\t\t\t\t\t\t\t\t<\/span>\n\t\t\t\t\t\t\t\t\t\t\t\t<a class=\"elementor-toggle-title\" tabindex=\"0\">Do you deliver throughout Lithuania?<\/a>\n\t\t\t\t\t<\/div>\n\n\t\t\t\t\t<div id=\"elementor-tab-content-1214\" class=\"elementor-tab-content elementor-clearfix\" data-tab=\"4\" role=\"region\" aria-labelledby=\"elementor-tab-title-1214\"><p>We deliver goods throughout Lithuania, as well as to all European Union countries.<\/p>\n<\/div>\n\t\t\t\t<\/div>\n\t\t\t\t\t\t\t<div class=\"elementor-toggle-item\">\n\t\t\t\t\t<div id=\"elementor-tab-title-1215\" class=\"elementor-tab-title\" data-tab=\"5\" role=\"button\" aria-controls=\"elementor-tab-content-1215\" aria-expanded=\"false\">\n\t\t\t\t\t\t\t\t\t\t\t\t<span class=\"elementor-toggle-icon elementor-toggle-icon-left\" aria-hidden=\"true\">\n\t\t\t\t\t\t\t\t\t\t\t\t\t\t\t<span class=\"elementor-toggle-icon-closed\"><svg class=\"e-font-icon-svg e-fas-caret-right\" viewBox=\"0 0 192 512\" xmlns=\"http:\/\/www.w3.org\/2000\/svg\"><path d=\"M0 384.662V127.338c0-17.818 21.543-26.741 34.142-14.142l128.662 128.662c7.81 7.81 7.81 20.474 0 28.284L34.142 398.804C21.543 411.404 0 402.48 0 384.662z\"><\/path><\/svg><\/span>\n\t\t\t\t\t\t\t\t<span class=\"elementor-toggle-icon-opened\"><svg class=\"elementor-toggle-icon-opened e-font-icon-svg e-fas-caret-up\" viewBox=\"0 0 320 512\" xmlns=\"http:\/\/www.w3.org\/2000\/svg\"><path d=\"M288.662 352H31.338c-17.818 0-26.741-21.543-14.142-34.142l128.662-128.662c7.81-7.81 20.474-7.81 28.284 0l128.662 128.662c12.6 12.599 3.676 34.142-14.142 34.142z\"><\/path><\/svg><\/span>\n\t\t\t\t\t\t\t\t\t\t\t\t\t<\/span>\n\t\t\t\t\t\t\t\t\t\t\t\t<a class=\"elementor-toggle-title\" tabindex=\"0\">How can I find out the shipping cost for the items?<\/a>\n\t\t\t\t\t<\/div>\n\n\t\t\t\t\t<div id=\"elementor-tab-content-1215\" class=\"elementor-tab-content elementor-clearfix\" data-tab=\"5\" role=\"region\" aria-labelledby=\"elementor-tab-title-1215\"><p>The shipping cost is not fixed and <strong data-start=\"183\" data-end=\"230\">is calculated individually for each order<\/strong>. The final shipping cost depends on the order size, the weight and volume of the goods, and the delivery location. After placing an order online, we always contact the customer individually to discuss the delivery cost and all delivery options. If you have any additional questions, you can always contact us by phone: <strong>+370 640 36072<\/strong> or by email: <strong>info@samotocentras.lt<\/strong>    <\/p>\n<\/div>\n\t\t\t\t<\/div>\n\t\t\t\t\t\t\t<div class=\"elementor-toggle-item\">\n\t\t\t\t\t<div id=\"elementor-tab-title-1216\" class=\"elementor-tab-title\" data-tab=\"6\" role=\"button\" aria-controls=\"elementor-tab-content-1216\" aria-expanded=\"false\">\n\t\t\t\t\t\t\t\t\t\t\t\t<span class=\"elementor-toggle-icon elementor-toggle-icon-left\" aria-hidden=\"true\">\n\t\t\t\t\t\t\t\t\t\t\t\t\t\t\t<span class=\"elementor-toggle-icon-closed\"><svg class=\"e-font-icon-svg e-fas-caret-right\" viewBox=\"0 0 192 512\" xmlns=\"http:\/\/www.w3.org\/2000\/svg\"><path d=\"M0 384.662V127.338c0-17.818 21.543-26.741 34.142-14.142l128.662 128.662c7.81 7.81 7.81 20.474 0 28.284L34.142 398.804C21.543 411.404 0 402.48 0 384.662z\"><\/path><\/svg><\/span>\n\t\t\t\t\t\t\t\t<span class=\"elementor-toggle-icon-opened\"><svg class=\"elementor-toggle-icon-opened e-font-icon-svg e-fas-caret-up\" viewBox=\"0 0 320 512\" xmlns=\"http:\/\/www.w3.org\/2000\/svg\"><path d=\"M288.662 352H31.338c-17.818 0-26.741-21.543-14.142-34.142l128.662-128.662c7.81-7.81 20.474-7.81 28.284 0l128.662 128.662c12.6 12.599 3.676 34.142-14.142 34.142z\"><\/path><\/svg><\/span>\n\t\t\t\t\t\t\t\t\t\t\t\t\t<\/span>\n\t\t\t\t\t\t\t\t\t\t\t\t<a class=\"elementor-toggle-title\" tabindex=\"0\">How do I place an order for goods?<\/a>\n\t\t\t\t\t<\/div>\n\n\t\t\t\t\t<div id=\"elementor-tab-content-1216\" class=\"elementor-tab-content elementor-clearfix\" data-tab=\"6\" role=\"region\" aria-labelledby=\"elementor-tab-title-1216\"><p>Add the items you want to your cart, then proceed to the order form, fill in all the required information, and confirm your order. After submitting your order, you will receive an email with your order confirmation. We will then contact you to discuss delivery options and answer any other questions you may have.  <\/p>\n<\/div>\n\t\t\t\t<\/div>\n\t\t\t\t\t\t\t\t\t\t<script type=\"application\/ld+json\">{\"@context\":\"https:\\\/\\\/schema.org\",\"@type\":\"FAQPage\",\"mainEntity\":[{\"@type\":\"Question\",\"name\":\"What are the available payment methods?\",\"acceptedAnswer\":{\"@type\":\"Answer\",\"text\":\"<p>You can pay for your items on the spot, upon picking up your order or by bank transfer to the specified bank account.<\\\/p>\\n\"}},{\"@type\":\"Question\",\"name\":\"What are your working hours?\",\"acceptedAnswer\":{\"@type\":\"Answer\",\"text\":\"<p>Our business hours: Mon\\u2013Fri 8:00 AM\\u201312:00 PM and 1:00 PM\\u20135:00 PM. <\\\/p>\\n<p>Before visiting we recommend calling: +370 640 36072.<\\\/p>\\n\"}},{\"@type\":\"Question\",\"name\":\"How can I contact you?\",\"acceptedAnswer\":{\"@type\":\"Answer\",\"text\":\"<p>Our contact information is listed on the <a href=\\\"https:\\\/\\\/samotocentras.lt\\\/en\\\/contacts\\\/\\\">contact page<\\\/a>.<\\\/p>\\n\"}},{\"@type\":\"Question\",\"name\":\"Do you deliver throughout Lithuania?\",\"acceptedAnswer\":{\"@type\":\"Answer\",\"text\":\"<p>We deliver goods throughout Lithuania, as well as to all European Union countries.<\\\/p>\\n\"}},{\"@type\":\"Question\",\"name\":\"How can I find out the shipping cost for the items?\",\"acceptedAnswer\":{\"@type\":\"Answer\",\"text\":\"<p>The shipping cost is not fixed and <strong data-start=\\\"183\\\" data-end=\\\"230\\\">is calculated individually for each order<\\\/strong>. The final shipping cost depends on the order size, the weight and volume of the goods, and the delivery location. After placing an order online, we always contact the customer individually to discuss the delivery cost and all delivery options. If you have any additional questions, you can always contact us by phone: <strong>+370 640 36072<\\\/strong> or by email: <strong>info@samotocentras.lt<\\\/strong>    <\\\/p>\\n\"}},{\"@type\":\"Question\",\"name\":\"How do I place an order for goods?\",\"acceptedAnswer\":{\"@type\":\"Answer\",\"text\":\"<p>Add the items you want to your cart, then proceed to the order form, fill in all the required information, and confirm your order. After submitting your order, you will receive an email with your order confirmation. We will then contact you to discuss delivery options and answer any other questions you may have.  <\\\/p>\\n\"}}]}<\/script>\n\t\t\t\t\t<\/div>\n\t\t\t\t\t\t<\/div>\n\t\t\t\t<\/div>\n\t\t\t\t\t<\/div>\n\t\t\t\t<\/div>\n\t\t\t\t<\/div>\n\t\t","protected":false},"excerpt":{"rendered":"<p>What are the available payment methods? You can pay for your items on the spot, upon picking up your order<\/p>\n","protected":false},"author":1,"featured_media":0,"parent":0,"menu_order":0,"comment_status":"closed","ping_status":"closed","template":"","meta":{"footnotes":""},"class_list":["post-33813","page","type-page","status-publish","hentry"],"yoast_head":"<!-- This site is optimized with the Yoast SEO Premium plugin v27.2 (Yoast SEO v27.4) - https:\/\/yoast.com\/product\/yoast-seo-premium-wordpress\/ -->\n<title>FAQ - \u0160amoto centras<\/title>\n<meta name=\"description\" content=\"Frequently asked questions. Do you have any other questions? Let\u2019s get in touch +370 640 36072. Our address: K. Donelai\u010dio St. 1G, Kazl\u0173 R\u016bda.\" \/>\n<meta name=\"robots\" content=\"index, follow, max-snippet:-1, max-image-preview:large, max-video-preview:-1\" \/>\n<link rel=\"canonical\" href=\"https:\/\/samotocentras.lt\/en\/faq\/\" \/>\n<meta property=\"og:locale\" content=\"en_US\" \/>\n<meta property=\"og:type\" content=\"article\" \/>\n<meta property=\"og:title\" content=\"FAQ\" \/>\n<meta property=\"og:description\" content=\"Frequently asked questions. Do you have any other questions? Let\u2019s get in touch +370 640 36072. Our address: K. Donelai\u010dio St. 1G, Kazl\u0173 R\u016bda.\" \/>\n<meta property=\"og:url\" content=\"https:\/\/samotocentras.lt\/en\/faq\/\" \/>\n<meta property=\"og:site_name\" content=\"\u0160amoto centras\" \/>\n<meta property=\"article:publisher\" content=\"https:\/\/www.facebook.com\/Samotocentras\/\" \/>\n<meta property=\"article:modified_time\" content=\"2026-04-27T06:48:47+00:00\" \/>\n<meta name=\"twitter:card\" content=\"summary_large_image\" \/>\n<meta name=\"twitter:label1\" content=\"Est. reading time\" \/>\n\t<meta name=\"twitter:data1\" content=\"1 minute\" \/>\n<script type=\"application\/ld+json\" class=\"yoast-schema-graph\">{\"@context\":\"https:\\\/\\\/schema.org\",\"@graph\":[{\"@type\":\"WebPage\",\"@id\":\"https:\\\/\\\/samotocentras.lt\\\/en\\\/faq\\\/\",\"url\":\"https:\\\/\\\/samotocentras.lt\\\/en\\\/faq\\\/\",\"name\":\"FAQ - \u0160amoto centras\",\"isPartOf\":{\"@id\":\"https:\\\/\\\/samotocentras.lt\\\/en\\\/#website\"},\"datePublished\":\"2025-05-19T14:37:04+00:00\",\"dateModified\":\"2026-04-27T06:48:47+00:00\",\"description\":\"Frequently asked questions. Do you have any other questions? Let\u2019s get in touch +370 640 36072. Our address: K. Donelai\u010dio St. 1G, Kazl\u0173 R\u016bda.\",\"breadcrumb\":{\"@id\":\"https:\\\/\\\/samotocentras.lt\\\/en\\\/faq\\\/#breadcrumb\"},\"inLanguage\":\"en-US\",\"potentialAction\":[{\"@type\":\"ReadAction\",\"target\":[\"https:\\\/\\\/samotocentras.lt\\\/en\\\/faq\\\/\"]}]},{\"@type\":\"BreadcrumbList\",\"@id\":\"https:\\\/\\\/samotocentras.lt\\\/en\\\/faq\\\/#breadcrumb\",\"itemListElement\":[{\"@type\":\"ListItem\",\"position\":1,\"name\":\"Home\",\"item\":\"https:\\\/\\\/samotocentras.lt\\\/en\\\/\"},{\"@type\":\"ListItem\",\"position\":2,\"name\":\"FAQ\"}]},{\"@type\":\"WebSite\",\"@id\":\"https:\\\/\\\/samotocentras.lt\\\/en\\\/#website\",\"url\":\"https:\\\/\\\/samotocentras.lt\\\/en\\\/\",\"name\":\"\u0160amoto centras\",\"description\":\"\",\"publisher\":{\"@id\":\"https:\\\/\\\/samotocentras.lt\\\/en\\\/#organization\"},\"potentialAction\":[{\"@type\":\"SearchAction\",\"target\":{\"@type\":\"EntryPoint\",\"urlTemplate\":\"https:\\\/\\\/samotocentras.lt\\\/en\\\/?s={search_term_string}\"},\"query-input\":{\"@type\":\"PropertyValueSpecification\",\"valueRequired\":true,\"valueName\":\"search_term_string\"}}],\"inLanguage\":\"en-US\"},{\"@type\":\"Organization\",\"@id\":\"https:\\\/\\\/samotocentras.lt\\\/en\\\/#organization\",\"name\":\"\u0160amoto centras\",\"url\":\"https:\\\/\\\/samotocentras.lt\\\/en\\\/\",\"logo\":{\"@type\":\"ImageObject\",\"inLanguage\":\"en-US\",\"@id\":\"https:\\\/\\\/samotocentras.lt\\\/en\\\/#\\\/schema\\\/logo\\\/image\\\/\",\"url\":\"https:\\\/\\\/samotocentras.lt\\\/wp-content\\\/uploads\\\/2025\\\/04\\\/SC-logo.svg\",\"contentUrl\":\"https:\\\/\\\/samotocentras.lt\\\/wp-content\\\/uploads\\\/2025\\\/04\\\/SC-logo.svg\",\"width\":722,\"height\":213,\"caption\":\"\u0160amoto centras\"},\"image\":{\"@id\":\"https:\\\/\\\/samotocentras.lt\\\/en\\\/#\\\/schema\\\/logo\\\/image\\\/\"},\"sameAs\":[\"https:\\\/\\\/www.facebook.com\\\/Samotocentras\\\/\",\"https:\\\/\\\/www.linkedin.com\\\/company\\\/uab-amoto-centras\\\/\"]}]}<\/script>\n<!-- \/ Yoast SEO Premium plugin. -->","yoast_head_json":{"title":"FAQ - \u0160amoto centras","description":"Frequently asked questions. Do you have any other questions? Let\u2019s get in touch +370 640 36072. Our address: K. Donelai\u010dio St. 1G, Kazl\u0173 R\u016bda.","robots":{"index":"index","follow":"follow","max-snippet":"max-snippet:-1","max-image-preview":"max-image-preview:large","max-video-preview":"max-video-preview:-1"},"canonical":"https:\/\/samotocentras.lt\/en\/faq\/","og_locale":"en_US","og_type":"article","og_title":"FAQ","og_description":"Frequently asked questions. Do you have any other questions? Let\u2019s get in touch +370 640 36072. Our address: K. Donelai\u010dio St. 1G, Kazl\u0173 R\u016bda.","og_url":"https:\/\/samotocentras.lt\/en\/faq\/","og_site_name":"\u0160amoto centras","article_publisher":"https:\/\/www.facebook.com\/Samotocentras\/","article_modified_time":"2026-04-27T06:48:47+00:00","twitter_card":"summary_large_image","twitter_misc":{"Est. reading time":"1 minute"},"schema":{"@context":"https:\/\/schema.org","@graph":[{"@type":"WebPage","@id":"https:\/\/samotocentras.lt\/en\/faq\/","url":"https:\/\/samotocentras.lt\/en\/faq\/","name":"FAQ - \u0160amoto centras","isPartOf":{"@id":"https:\/\/samotocentras.lt\/en\/#website"},"datePublished":"2025-05-19T14:37:04+00:00","dateModified":"2026-04-27T06:48:47+00:00","description":"Frequently asked questions. Do you have any other questions? Let\u2019s get in touch +370 640 36072. Our address: K. Donelai\u010dio St. 1G, Kazl\u0173 R\u016bda.","breadcrumb":{"@id":"https:\/\/samotocentras.lt\/en\/faq\/#breadcrumb"},"inLanguage":"en-US","potentialAction":[{"@type":"ReadAction","target":["https:\/\/samotocentras.lt\/en\/faq\/"]}]},{"@type":"BreadcrumbList","@id":"https:\/\/samotocentras.lt\/en\/faq\/#breadcrumb","itemListElement":[{"@type":"ListItem","position":1,"name":"Home","item":"https:\/\/samotocentras.lt\/en\/"},{"@type":"ListItem","position":2,"name":"FAQ"}]},{"@type":"WebSite","@id":"https:\/\/samotocentras.lt\/en\/#website","url":"https:\/\/samotocentras.lt\/en\/","name":"\u0160amoto centras","description":"","publisher":{"@id":"https:\/\/samotocentras.lt\/en\/#organization"},"potentialAction":[{"@type":"SearchAction","target":{"@type":"EntryPoint","urlTemplate":"https:\/\/samotocentras.lt\/en\/?s={search_term_string}"},"query-input":{"@type":"PropertyValueSpecification","valueRequired":true,"valueName":"search_term_string"}}],"inLanguage":"en-US"},{"@type":"Organization","@id":"https:\/\/samotocentras.lt\/en\/#organization","name":"\u0160amoto centras","url":"https:\/\/samotocentras.lt\/en\/","logo":{"@type":"ImageObject","inLanguage":"en-US","@id":"https:\/\/samotocentras.lt\/en\/#\/schema\/logo\/image\/","url":"https:\/\/samotocentras.lt\/wp-content\/uploads\/2025\/04\/SC-logo.svg","contentUrl":"https:\/\/samotocentras.lt\/wp-content\/uploads\/2025\/04\/SC-logo.svg","width":722,"height":213,"caption":"\u0160amoto centras"},"image":{"@id":"https:\/\/samotocentras.lt\/en\/#\/schema\/logo\/image\/"},"sameAs":["https:\/\/www.facebook.com\/Samotocentras\/","https:\/\/www.linkedin.com\/company\/uab-amoto-centras\/"]}]}},"_links":{"self":[{"href":"https:\/\/samotocentras.lt\/en\/wp-json\/wp\/v2\/pages\/33813","targetHints":{"allow":["GET"]}}],"collection":[{"href":"https:\/\/samotocentras.lt\/en\/wp-json\/wp\/v2\/pages"}],"about":[{"href":"https:\/\/samotocentras.lt\/en\/wp-json\/wp\/v2\/types\/page"}],"author":[{"embeddable":true,"href":"https:\/\/samotocentras.lt\/en\/wp-json\/wp\/v2\/users\/1"}],"replies":[{"embeddable":true,"href":"https:\/\/samotocentras.lt\/en\/wp-json\/wp\/v2\/comments?post=33813"}],"version-history":[{"count":3,"href":"https:\/\/samotocentras.lt\/en\/wp-json\/wp\/v2\/pages\/33813\/revisions"}],"predecessor-version":[{"id":33816,"href":"https:\/\/samotocentras.lt\/en\/wp-json\/wp\/v2\/pages\/33813\/revisions\/33816"}],"wp:attachment":[{"href":"https:\/\/samotocentras.lt\/en\/wp-json\/wp\/v2\/media?parent=33813"}],"curies":[{"name":"wp","href":"https:\/\/api.w.org\/{rel}","templated":true}]}}