{"id":27690,"date":"2025-05-12T09:33:34","date_gmt":"2025-05-12T07:33:34","guid":{"rendered":"https:\/\/proneta.lt\/sc\/?post_type=product&#038;p=27690"},"modified":"2026-01-06T14:09:33","modified_gmt":"2026-01-06T12:09:33","slug":"izoliacine-plyta-jm26-1430c-230x114x64-mm","status":"publish","type":"product","link":"https:\/\/samotocentras.lt\/en\/produktas\/izoliacine-plyta-jm26-1430c-230x114x64-mm\/","title":{"rendered":"Izoliacin\u0117 plyta JM26, 1430 \u00b0C, 230x114x64 mm"},"content":{"rendered":"<p class=\"ai-optimize-35 ai-optimize-introduction\">JM izoliacini\u0173 kar\u0161\u010diui atspari\u0173 plyt\u0173 gaminiai u\u017eima lyderio pozicij\u0105 pramon\u0117je tokiose srityse kaip naftochemija, metalurgija, keramika ir stiklo gamyba, kur b\u016btina u\u017etikrinti veikim\u0105 aplinkoje, kurios klasifikacin\u0117 temperat\u016bra siekia iki 1650\u202f\u00b0C.<\/p>\n<p class=\"ai-optimize-38\">Kiekviena r\u016b\u0161is yra suformuluota taip, kad atitikt\u0173 konkre\u010dius \u0161iluminius ir fizinius reikalavimus, o plytos yra tiksliai apdirbtos visais \u0161e\u0161iais pavir\u0161iais.<\/p>\n<h2 class=\"ai-optimize-34\">SAVYB\u0116S<\/h2>\n<p class=\"ai-optimize-38\">\u2022 Ma\u017eas \u0161iluminis laidumo koeficientas<br \/>\n\u2022 Ma\u017eas \u0161ilumos kaupimas<br \/>\n\u2022 Auk\u0161tas grynumas, nuosekliai kokybi\u0161kos \u017ealiavos<br \/>\n\u2022 Ma\u017eas gele\u017eies ir \u0161armini\u0173 sraut\u0173 kiekis u\u017etikrina auk\u0161t\u0105 atsparum\u0105 apkrovai esant auk\u0161tai temperat\u016brai<br \/>\n\u2022 Didelis atsparumas gniu\u017edymui esant auk\u0161tai temperat\u016brai<br \/>\n\u2022 Tiksl\u016bs matmen\u0173 nuokrypiai<br \/>\n\u2022 Galimi dideli\u0173 matmen\u0173 blokai ar plok\u0161t\u0117s bei specialios formos<br \/>\n\u2022 Specialiai suprojektuota pakuot\u0117 apsaugo plytas transportuojant ir palengvina j\u0173 tvarkym\u0105 objekte<\/p>\n<h2 class=\"ai-optimize-40\">PANAUDOJIMO SRITYS<\/h2>\n<p class=\"ai-optimize-35\">\u2022 Aliuminio anodo degimo krosnys, pirmin\u0117s elektrolitin\u0117s cel\u0117s, laikymo ir lydymo krosnys, antrinio lydymo krosnys<br \/>\n\u2022 Naftochemijos pramon\u0117: \u0161ildytuvai, d\u016bmtakiai, rafinavimo indai ir reaktori\u0173 kameros<br \/>\n\u2022 Gele\u017eies ir plieno pramon\u0117: kar\u0161to oro krosni\u0173 krosnel\u0117s, kar\u0161to oro magistral\u0117s ir paskirstymo vamzd\u017eiai, terminio apdorojimo ir cinkavimo krosnys<br \/>\n\u2022 Metal\u0173 pramon\u0117: terminio apdorojimo ir atmosferin\u0117s krosnys<br \/>\n\u2022 Keramikos pramon\u0117, \u012fskaitant buitin\u0117s ir laboratorin\u0117s paskirties degimo krosnis<br \/>\n\u2022 Stiklo pramon\u0117<br \/>\n\u2022 Tiesioginio kontakto (kar\u0161tosios zonos) ir atsargin\u0117 izoliacija pramonin\u0117se krosnyse<\/p>\n<h2 class=\"ai-optimize-40\">CHEMIN\u0116 SUD\u0116TIS<\/h2>\n<table>\n<thead>\n<tr>\n<th><strong>Komponentas<\/strong><\/th>\n<th><strong>Kiekis (%)<\/strong><\/th>\n<\/tr>\n<\/thead>\n<tbody>\n<tr>\n<td>Al\u2082O\u2083 (Aliuminio oksidas)<\/td>\n<td>58,0\u202f%<\/td>\n<\/tr>\n<tr>\n<td>SiO\u2082 (Silicio dioksidas)<\/td>\n<td>38,8\u202f%<\/td>\n<\/tr>\n<tr>\n<td>Fe\u2082O\u2083 (Gele\u017eies oksidas)<\/td>\n<td>0,8\u202f%<\/td>\n<\/tr>\n<tr>\n<td>TiO\u2082 (Titano dioksidas)<\/td>\n<td>0,3\u202f%<\/td>\n<\/tr>\n<tr>\n<td>CaO (Kalcis)<\/td>\n<td>0,1\u202f%<\/td>\n<\/tr>\n<tr>\n<td>MgO + Na\u2082O + K\u2082O (\u0160armai)<\/td>\n<td>1,9\u202f%<\/td>\n<\/tr>\n<\/tbody>\n<\/table>\n<h2 class=\"ai-optimize-52\">\u0160ILUMOS LAIDUMAS<strong><br \/>\n<\/strong><\/h2>\n<table>\n<thead>\n<tr>\n<th><strong>Temperat\u016bra (\u00b0C)<\/strong><\/th>\n<th><strong>\u0160ilumos laidumas (W\/m\u00b7K)<\/strong><\/th>\n<\/tr>\n<\/thead>\n<tbody>\n<tr>\n<td>400\u202f\u00b0C<\/td>\n<td>0,25<\/td>\n<\/tr>\n<tr>\n<td>600\u202f\u00b0C<\/td>\n<td>0,27<\/td>\n<\/tr>\n<tr>\n<td>800\u202f\u00b0C<\/td>\n<td>0,3<\/td>\n<\/tr>\n<tr>\n<td>1000\u202f\u00b0C<\/td>\n<td>0,33<\/td>\n<\/tr>\n<tr>\n<td>1100\u202f\u00b0C<\/td>\n<td>0,33<\/td>\n<\/tr>\n<tr>\n<td>1200\u202f\u00b0C<\/td>\n<td>\u2013<\/td>\n<\/tr>\n<\/tbody>\n<\/table>\n","protected":false},"excerpt":{"rendered":"<p class=\"ai-optimize-35 ai-optimize-introduction\">JM plytos gaminamos i\u0161 auk\u0161to grynumo kar\u0161\u010diui atspari\u0173 moli\u0173, su palaipsniui did\u0117jan\u010diu aliuminio oksido kiekiu auk\u0161tesn\u0117s temperat\u016bros gaminiuose, bei kruop\u0161\u010diai atrinktu organiniu u\u017epildu, kuris gamybos metu sudega ir sukuria vienod\u0105, kontroliuojamos poros strukt\u016br\u0105.<\/p>\n","protected":false},"featured_media":27687,"comment_status":"closed","ping_status":"closed","template":"","meta":[],"product_brand":[150],"product_cat":[330],"product_tag":[135,136,137,138],"class_list":{"0":"post-27690","1":"product","2":"type-product","3":"status-publish","4":"has-post-thumbnail","6":"product_brand-1-morgan-advanced-materials","7":"product_cat-jm-plytos","8":"product_tag-pramonei","9":"product_tag-namams","10":"product_tag-hobiui","11":"product_tag-energetikai","13":"first","14":"instock","15":"taxable","16":"shipping-taxable","17":"purchasable","18":"product-type-simple"},"yoast_head":"<!-- This site is optimized with the Yoast SEO Premium plugin v27.2 (Yoast SEO v27.4) - https:\/\/yoast.com\/product\/yoast-seo-premium-wordpress\/ -->\n<title>Izoliacin\u0117 plyta JM26, 1430 \u00b0C, 230x114x64 mm - \u0160amoto centras<\/title>\n<meta name=\"description\" content=\"JM plytos gaminamos i\u0161 auk\u0161to grynumo kar\u0161\u010diui atspari\u0173 moli\u0173, su palaipsniui did\u0117jan\u010diu aliuminio oksido kiekiu auk\u0161tesn\u0117s temperat\u016bros gaminiuose, bei kruop\u0161\u010diai atrinktu organiniu u\u017epildu, kuris gamybos metu sudega ir sukuria vienod\u0105, kontroliuojamos poros strukt\u016br\u0105.\" \/>\n<meta name=\"robots\" content=\"index, follow, max-snippet:-1, max-image-preview:large, max-video-preview:-1\" \/>\n<link rel=\"canonical\" href=\"https:\/\/samotocentras.lt\/en\/produktas\/izoliacine-plyta-jm26-1430c-230x114x64-mm\/\" \/>\n<meta property=\"og:locale\" content=\"en_US\" \/>\n<meta property=\"og:type\" content=\"article\" \/>\n<meta property=\"og:title\" content=\"Izoliacin\u0117 plyta JM26, 1430 \u00b0C, 230x114x64 mm\" \/>\n<meta property=\"og:description\" content=\"JM plytos gaminamos i\u0161 auk\u0161to grynumo kar\u0161\u010diui atspari\u0173 moli\u0173, su palaipsniui did\u0117jan\u010diu aliuminio oksido kiekiu auk\u0161tesn\u0117s temperat\u016bros gaminiuose, bei kruop\u0161\u010diai atrinktu organiniu u\u017epildu, kuris gamybos metu sudega ir sukuria vienod\u0105, kontroliuojamos poros strukt\u016br\u0105.\" \/>\n<meta property=\"og:url\" content=\"https:\/\/samotocentras.lt\/en\/produktas\/izoliacine-plyta-jm26-1430c-230x114x64-mm\/\" \/>\n<meta property=\"og:site_name\" content=\"\u0160amoto centras\" \/>\n<meta property=\"article:publisher\" content=\"https:\/\/www.facebook.com\/Samotocentras\/\" \/>\n<meta property=\"article:modified_time\" content=\"2026-01-06T12:09:33+00:00\" \/>\n<meta property=\"og:image\" content=\"https:\/\/samotocentras.lt\/wp-content\/uploads\/2025\/05\/JM-plyta-foto.jpg\" \/>\n\t<meta property=\"og:image:width\" content=\"1178\" \/>\n\t<meta property=\"og:image:height\" content=\"1032\" \/>\n\t<meta property=\"og:image:type\" content=\"image\/jpeg\" \/>\n<meta name=\"twitter:card\" content=\"summary_large_image\" \/>\n<meta name=\"twitter:label1\" content=\"Est. reading time\" \/>\n\t<meta name=\"twitter:data1\" content=\"2 minutes\" \/>\n<script type=\"application\/ld+json\" class=\"yoast-schema-graph\">{\"@context\":\"https:\\\/\\\/schema.org\",\"@graph\":[{\"@type\":[\"WebPage\",\"ItemPage\"],\"@id\":\"https:\\\/\\\/samotocentras.lt\\\/en\\\/produktas\\\/izoliacine-plyta-jm26-1430c-230x114x64-mm\\\/\",\"url\":\"https:\\\/\\\/samotocentras.lt\\\/en\\\/produktas\\\/izoliacine-plyta-jm26-1430c-230x114x64-mm\\\/\",\"name\":\"Izoliacin\u0117 plyta JM26, 1430 \u00b0C, 230x114x64 mm - \u0160amoto centras\",\"isPartOf\":{\"@id\":\"https:\\\/\\\/samotocentras.lt\\\/en\\\/#website\"},\"primaryImageOfPage\":{\"@id\":\"https:\\\/\\\/samotocentras.lt\\\/en\\\/produktas\\\/izoliacine-plyta-jm26-1430c-230x114x64-mm\\\/#primaryimage\"},\"image\":{\"@id\":\"https:\\\/\\\/samotocentras.lt\\\/en\\\/produktas\\\/izoliacine-plyta-jm26-1430c-230x114x64-mm\\\/#primaryimage\"},\"thumbnailUrl\":\"https:\\\/\\\/samotocentras.lt\\\/wp-content\\\/uploads\\\/2025\\\/05\\\/JM-plyta-foto.jpg\",\"datePublished\":\"2025-05-12T07:33:34+00:00\",\"dateModified\":\"2026-01-06T12:09:33+00:00\",\"description\":\"JM plytos gaminamos i\u0161 auk\u0161to grynumo kar\u0161\u010diui atspari\u0173 moli\u0173, su palaipsniui did\u0117jan\u010diu aliuminio oksido kiekiu auk\u0161tesn\u0117s temperat\u016bros gaminiuose, bei kruop\u0161\u010diai atrinktu organiniu u\u017epildu, kuris gamybos metu sudega ir sukuria vienod\u0105, kontroliuojamos poros strukt\u016br\u0105.\",\"breadcrumb\":{\"@id\":\"https:\\\/\\\/samotocentras.lt\\\/en\\\/produktas\\\/izoliacine-plyta-jm26-1430c-230x114x64-mm\\\/#breadcrumb\"},\"inLanguage\":\"en-US\",\"potentialAction\":[{\"@type\":\"ReadAction\",\"target\":[\"https:\\\/\\\/samotocentras.lt\\\/en\\\/produktas\\\/izoliacine-plyta-jm26-1430c-230x114x64-mm\\\/\"]}]},{\"@type\":\"ImageObject\",\"inLanguage\":\"en-US\",\"@id\":\"https:\\\/\\\/samotocentras.lt\\\/en\\\/produktas\\\/izoliacine-plyta-jm26-1430c-230x114x64-mm\\\/#primaryimage\",\"url\":\"https:\\\/\\\/samotocentras.lt\\\/wp-content\\\/uploads\\\/2025\\\/05\\\/JM-plyta-foto.jpg\",\"contentUrl\":\"https:\\\/\\\/samotocentras.lt\\\/wp-content\\\/uploads\\\/2025\\\/05\\\/JM-plyta-foto.jpg\",\"width\":1178,\"height\":1032},{\"@type\":\"BreadcrumbList\",\"@id\":\"https:\\\/\\\/samotocentras.lt\\\/en\\\/produktas\\\/izoliacine-plyta-jm26-1430c-230x114x64-mm\\\/#breadcrumb\",\"itemListElement\":[{\"@type\":\"ListItem\",\"position\":1,\"name\":\"Home\",\"item\":\"https:\\\/\\\/samotocentras.lt\\\/en\\\/\"},{\"@type\":\"ListItem\",\"position\":2,\"name\":\"Prek\u0117s\",\"item\":\"https:\\\/\\\/samotocentras.lt\\\/parduotuve\\\/\"},{\"@type\":\"ListItem\",\"position\":3,\"name\":\"Izoliacin\u0117 plyta JM26, 1430 \u00b0C, 230x114x64 mm\"}]},{\"@type\":\"WebSite\",\"@id\":\"https:\\\/\\\/samotocentras.lt\\\/en\\\/#website\",\"url\":\"https:\\\/\\\/samotocentras.lt\\\/en\\\/\",\"name\":\"\u0160amoto centras\",\"description\":\"\",\"publisher\":{\"@id\":\"https:\\\/\\\/samotocentras.lt\\\/en\\\/#organization\"},\"potentialAction\":[{\"@type\":\"SearchAction\",\"target\":{\"@type\":\"EntryPoint\",\"urlTemplate\":\"https:\\\/\\\/samotocentras.lt\\\/en\\\/?s={search_term_string}\"},\"query-input\":{\"@type\":\"PropertyValueSpecification\",\"valueRequired\":true,\"valueName\":\"search_term_string\"}}],\"inLanguage\":\"en-US\"},{\"@type\":\"Organization\",\"@id\":\"https:\\\/\\\/samotocentras.lt\\\/en\\\/#organization\",\"name\":\"\u0160amoto centras\",\"url\":\"https:\\\/\\\/samotocentras.lt\\\/en\\\/\",\"logo\":{\"@type\":\"ImageObject\",\"inLanguage\":\"en-US\",\"@id\":\"https:\\\/\\\/samotocentras.lt\\\/en\\\/#\\\/schema\\\/logo\\\/image\\\/\",\"url\":\"https:\\\/\\\/samotocentras.lt\\\/wp-content\\\/uploads\\\/2025\\\/04\\\/SC-logo.svg\",\"contentUrl\":\"https:\\\/\\\/samotocentras.lt\\\/wp-content\\\/uploads\\\/2025\\\/04\\\/SC-logo.svg\",\"width\":722,\"height\":213,\"caption\":\"\u0160amoto centras\"},\"image\":{\"@id\":\"https:\\\/\\\/samotocentras.lt\\\/en\\\/#\\\/schema\\\/logo\\\/image\\\/\"},\"sameAs\":[\"https:\\\/\\\/www.facebook.com\\\/Samotocentras\\\/\",\"https:\\\/\\\/www.linkedin.com\\\/company\\\/uab-amoto-centras\\\/\"]}]}<\/script>\n<!-- \/ Yoast SEO Premium plugin. -->","yoast_head_json":{"title":"Izoliacin\u0117 plyta JM26, 1430 \u00b0C, 230x114x64 mm - \u0160amoto centras","description":"JM plytos gaminamos i\u0161 auk\u0161to grynumo kar\u0161\u010diui atspari\u0173 moli\u0173, su palaipsniui did\u0117jan\u010diu aliuminio oksido kiekiu auk\u0161tesn\u0117s temperat\u016bros gaminiuose, bei kruop\u0161\u010diai atrinktu organiniu u\u017epildu, kuris gamybos metu sudega ir sukuria vienod\u0105, kontroliuojamos poros strukt\u016br\u0105.","robots":{"index":"index","follow":"follow","max-snippet":"max-snippet:-1","max-image-preview":"max-image-preview:large","max-video-preview":"max-video-preview:-1"},"canonical":"https:\/\/samotocentras.lt\/en\/produktas\/izoliacine-plyta-jm26-1430c-230x114x64-mm\/","og_locale":"en_US","og_type":"article","og_title":"Izoliacin\u0117 plyta JM26, 1430 \u00b0C, 230x114x64 mm","og_description":"JM plytos gaminamos i\u0161 auk\u0161to grynumo kar\u0161\u010diui atspari\u0173 moli\u0173, su palaipsniui did\u0117jan\u010diu aliuminio oksido kiekiu auk\u0161tesn\u0117s temperat\u016bros gaminiuose, bei kruop\u0161\u010diai atrinktu organiniu u\u017epildu, kuris gamybos metu sudega ir sukuria vienod\u0105, kontroliuojamos poros strukt\u016br\u0105.","og_url":"https:\/\/samotocentras.lt\/en\/produktas\/izoliacine-plyta-jm26-1430c-230x114x64-mm\/","og_site_name":"\u0160amoto centras","article_publisher":"https:\/\/www.facebook.com\/Samotocentras\/","article_modified_time":"2026-01-06T12:09:33+00:00","og_image":[{"width":1178,"height":1032,"url":"https:\/\/samotocentras.lt\/wp-content\/uploads\/2025\/05\/JM-plyta-foto.jpg","type":"image\/jpeg"}],"twitter_card":"summary_large_image","twitter_misc":{"Est. reading time":"2 minutes"},"schema":{"@context":"https:\/\/schema.org","@graph":[{"@type":["WebPage","ItemPage"],"@id":"https:\/\/samotocentras.lt\/en\/produktas\/izoliacine-plyta-jm26-1430c-230x114x64-mm\/","url":"https:\/\/samotocentras.lt\/en\/produktas\/izoliacine-plyta-jm26-1430c-230x114x64-mm\/","name":"Izoliacin\u0117 plyta JM26, 1430 \u00b0C, 230x114x64 mm - \u0160amoto centras","isPartOf":{"@id":"https:\/\/samotocentras.lt\/en\/#website"},"primaryImageOfPage":{"@id":"https:\/\/samotocentras.lt\/en\/produktas\/izoliacine-plyta-jm26-1430c-230x114x64-mm\/#primaryimage"},"image":{"@id":"https:\/\/samotocentras.lt\/en\/produktas\/izoliacine-plyta-jm26-1430c-230x114x64-mm\/#primaryimage"},"thumbnailUrl":"https:\/\/samotocentras.lt\/wp-content\/uploads\/2025\/05\/JM-plyta-foto.jpg","datePublished":"2025-05-12T07:33:34+00:00","dateModified":"2026-01-06T12:09:33+00:00","description":"JM plytos gaminamos i\u0161 auk\u0161to grynumo kar\u0161\u010diui atspari\u0173 moli\u0173, su palaipsniui did\u0117jan\u010diu aliuminio oksido kiekiu auk\u0161tesn\u0117s temperat\u016bros gaminiuose, bei kruop\u0161\u010diai atrinktu organiniu u\u017epildu, kuris gamybos metu sudega ir sukuria vienod\u0105, kontroliuojamos poros strukt\u016br\u0105.","breadcrumb":{"@id":"https:\/\/samotocentras.lt\/en\/produktas\/izoliacine-plyta-jm26-1430c-230x114x64-mm\/#breadcrumb"},"inLanguage":"en-US","potentialAction":[{"@type":"ReadAction","target":["https:\/\/samotocentras.lt\/en\/produktas\/izoliacine-plyta-jm26-1430c-230x114x64-mm\/"]}]},{"@type":"ImageObject","inLanguage":"en-US","@id":"https:\/\/samotocentras.lt\/en\/produktas\/izoliacine-plyta-jm26-1430c-230x114x64-mm\/#primaryimage","url":"https:\/\/samotocentras.lt\/wp-content\/uploads\/2025\/05\/JM-plyta-foto.jpg","contentUrl":"https:\/\/samotocentras.lt\/wp-content\/uploads\/2025\/05\/JM-plyta-foto.jpg","width":1178,"height":1032},{"@type":"BreadcrumbList","@id":"https:\/\/samotocentras.lt\/en\/produktas\/izoliacine-plyta-jm26-1430c-230x114x64-mm\/#breadcrumb","itemListElement":[{"@type":"ListItem","position":1,"name":"Home","item":"https:\/\/samotocentras.lt\/en\/"},{"@type":"ListItem","position":2,"name":"Prek\u0117s","item":"https:\/\/samotocentras.lt\/parduotuve\/"},{"@type":"ListItem","position":3,"name":"Izoliacin\u0117 plyta JM26, 1430 \u00b0C, 230x114x64 mm"}]},{"@type":"WebSite","@id":"https:\/\/samotocentras.lt\/en\/#website","url":"https:\/\/samotocentras.lt\/en\/","name":"\u0160amoto centras","description":"","publisher":{"@id":"https:\/\/samotocentras.lt\/en\/#organization"},"potentialAction":[{"@type":"SearchAction","target":{"@type":"EntryPoint","urlTemplate":"https:\/\/samotocentras.lt\/en\/?s={search_term_string}"},"query-input":{"@type":"PropertyValueSpecification","valueRequired":true,"valueName":"search_term_string"}}],"inLanguage":"en-US"},{"@type":"Organization","@id":"https:\/\/samotocentras.lt\/en\/#organization","name":"\u0160amoto centras","url":"https:\/\/samotocentras.lt\/en\/","logo":{"@type":"ImageObject","inLanguage":"en-US","@id":"https:\/\/samotocentras.lt\/en\/#\/schema\/logo\/image\/","url":"https:\/\/samotocentras.lt\/wp-content\/uploads\/2025\/04\/SC-logo.svg","contentUrl":"https:\/\/samotocentras.lt\/wp-content\/uploads\/2025\/04\/SC-logo.svg","width":722,"height":213,"caption":"\u0160amoto centras"},"image":{"@id":"https:\/\/samotocentras.lt\/en\/#\/schema\/logo\/image\/"},"sameAs":["https:\/\/www.facebook.com\/Samotocentras\/","https:\/\/www.linkedin.com\/company\/uab-amoto-centras\/"]}]}},"_links":{"self":[{"href":"https:\/\/samotocentras.lt\/en\/wp-json\/wp\/v2\/product\/27690","targetHints":{"allow":["GET"]}}],"collection":[{"href":"https:\/\/samotocentras.lt\/en\/wp-json\/wp\/v2\/product"}],"about":[{"href":"https:\/\/samotocentras.lt\/en\/wp-json\/wp\/v2\/types\/product"}],"replies":[{"embeddable":true,"href":"https:\/\/samotocentras.lt\/en\/wp-json\/wp\/v2\/comments?post=27690"}],"version-history":[{"count":0,"href":"https:\/\/samotocentras.lt\/en\/wp-json\/wp\/v2\/product\/27690\/revisions"}],"wp:featuredmedia":[{"embeddable":true,"href":"https:\/\/samotocentras.lt\/en\/wp-json\/wp\/v2\/media\/27687"}],"wp:attachment":[{"href":"https:\/\/samotocentras.lt\/en\/wp-json\/wp\/v2\/media?parent=27690"}],"wp:term":[{"taxonomy":"product_brand","embeddable":true,"href":"https:\/\/samotocentras.lt\/en\/wp-json\/wp\/v2\/product_brand?post=27690"},{"taxonomy":"product_cat","embeddable":true,"href":"https:\/\/samotocentras.lt\/en\/wp-json\/wp\/v2\/product_cat?post=27690"},{"taxonomy":"product_tag","embeddable":true,"href":"https:\/\/samotocentras.lt\/en\/wp-json\/wp\/v2\/product_tag?post=27690"}],"curies":[{"name":"wp","href":"https:\/\/api.w.org\/{rel}","templated":true}]}}